{"id":709,"date":"2025-10-19T16:50:28","date_gmt":"2025-10-19T16:50:28","guid":{"rendered":"https:\/\/kinasisters.studiomoovite.fr\/?post_type=product&#038;p=709"},"modified":"2026-03-03T16:55:40","modified_gmt":"2026-03-03T16:55:40","slug":"derma-roller","status":"publish","type":"product","link":"https:\/\/kinasisters.com\/fr\/produit\/derma-roller\/","title":{"rendered":"Rouleau dermique"},"content":{"rendered":"<p data-start=\"99\" data-end=\"455\">Le Derma Roller est bien plus qu\u2019un simple accessoire beaut\u00e9, c\u2019est un v\u00e9ritable soin de fond pour ton cuir chevelu.<br data-start=\"202\" data-end=\"205\" \/>Dot\u00e9 de micro-aiguilles ultra fines, il cr\u00e9e de petites stimulations \u00e0 la surface du cuir chevelu. Ce geste r\u00e9veille la circulation sanguine, r\u00e9active les follicules endormis et booste la production de collag\u00e8ne, essentielle \u00e0 la solidit\u00e9 et \u00e0 la croissance du cheveu.<\/p>\n<p data-start=\"457\" data-end=\"838\">Utilis\u00e9 r\u00e9guli\u00e8rement, il aide \u00e0 r\u00e9duire la chute, densifier les zones clairsem\u00e9es et renforcer les racines. Il am\u00e9liore aussi l\u2019absorption des s\u00e9rums et huiles capillaires, pour maximiser leurs bienfaits.<br data-start=\"634\" data-end=\"637\" \/>C\u2019est une <strong data-start=\"647\" data-end=\"699\">m\u00e9thode 100 % naturelle, non invasive et incroyablement efficace<\/strong> pour retrouver une chevelure dense, \u00e9clatante et pleine de vie. le derma roller peut \u00eatre utiliser <strong data-start=\"780\" data-end=\"805\">une \u00e0 deux fois par semaine<\/strong> pour \u00e9viter d\u2019irriter le cuir chevelu.<\/p>\n<p data-start=\"840\" data-end=\"1079\"><strong data-start=\"840\" data-end=\"967\">Que tes cheveux soient boucl\u00e9s, cr\u00e9pus, fris\u00e9s ou en transition, le Derma Roller t\u2019aide \u00e0 relancer la croissance de fa\u00e7on douce et durable.<\/strong> En quelques semaines, ton cuir chevelu est revitalis\u00e9, tes boucles plus r\u00e9sistantes, et ta confiance\u2026 reboost\u00e9e.<\/p>","protected":false},"excerpt":{"rendered":"<p data-start=\"99\" data-end=\"172\"><strong data-start=\"99\" data-end=\"170\">Et si quelques minutes par semaine suffisaient pour r\u00e9veiller tes boucles ?<\/strong><\/p>\n<p data-start=\"174\" data-end=\"298\">Le Derma Roller active la pousse, renforce tes racines et redonne densit\u00e9 et vitalit\u00e9 \u00e0 ta chevelure naturellement.<\/p>\n<p data-start=\"300\" data-end=\"421\">Gr\u00e2ce \u00e0 ses micro-aiguilles, le Derma Roller booste la circulation sanguine du cuir chevelu et stimule la production de collag\u00e8ne.<\/p>\n<p data-start=\"423\" data-end=\"517\"><strong data-start=\"423\" data-end=\"434\">R\u00e9sultat :<\/strong> une croissance capillaire acc\u00e9l\u00e9r\u00e9e, moins de chute et des cheveux plus forts, plus \u00e9pais, plus vivants.<\/p>\n<p><!-- notionvc: 36707a04-4ead-4dbe-8716-51fc196f1313 --><\/p>","protected":false},"featured_media":712,"comment_status":"open","ping_status":"closed","template":"","meta":{"_acf_changed":false,"_et_pb_use_builder":"","_et_pb_old_content":"","_et_gb_content_width":""},"product_brand":[],"product_cat":[22],"product_tag":[],"class_list":{"0":"post-709","1":"product","2":"type-product","3":"status-publish","4":"has-post-thumbnail","6":"product_cat-accessoires","8":"first","9":"instock","10":"taxable","11":"shipping-taxable","12":"purchasable","13":"product-type-simple"},"supplier_id":null,"supplier_sku":"","barcode":null,"atum_controlled":true,"out_stock_date":null,"out_stock_threshold":null,"inheritable":false,"inbound_stock":0,"stock_on_hold":0,"sold_today":0,"sales_last_days":0,"reserved_stock":0,"customer_returns":0,"warehouse_damage":0,"lost_in_post":0,"other_logs":0,"out_stock_days":0,"lost_sales":0,"has_location":false,"update_date":"2026-04-12T08:06:02","atum_locations":[],"atum_stock_status":"instock","restock_status":false,"low_stock_amount":10,"sales_update_date":"2026-04-12T08:06:02","calc_backorders":null,"mi_inventories":[89,46],"multi_inventory":"yes","inventory_sorting_mode":"global","inventory_iteration":"global","expirable_inventories":"global","price_per_inventory":"global","show_write_off_inventories":"global","selectable_inventories":"global","selectable_inventories_mode":"global","acf":[],"yoast_head":"<!-- This site is optimized with the Yoast SEO plugin v27.2 - https:\/\/yoast.com\/product\/yoast-seo-wordpress\/ -->\n<title>Derma Roller - Kina sisters<\/title>\n<meta name=\"robots\" content=\"index, follow, max-snippet:-1, max-image-preview:large, max-video-preview:-1\" \/>\n<link rel=\"canonical\" href=\"https:\/\/kinasisters.com\/fr\/produit\/derma-roller\/\" \/>\n<meta property=\"og:locale\" content=\"fr_FR\" \/>\n<meta property=\"og:type\" content=\"article\" \/>\n<meta property=\"og:title\" content=\"Derma Roller - Kina sisters\" \/>\n<meta property=\"og:description\" content=\"What if just a few minutes a week were enough to awaken your curls? The Derma Roller stimulates hair growth, strengthens your roots, and naturally restores density and vitality to your hair. Thanks to its micro-needles, the Derma Roller boosts blood circulation in the scalp and stimulates collagen production. Result: faster hair growth, reduced hair loss, and stronger, thicker, more vibrant hair.\" \/>\n<meta property=\"og:url\" content=\"https:\/\/kinasisters.com\/fr\/produit\/derma-roller\/\" \/>\n<meta property=\"og:site_name\" content=\"Kina sisters\" \/>\n<meta property=\"article:modified_time\" content=\"2026-03-03T16:55:40+00:00\" \/>\n<meta property=\"og:image\" content=\"https:\/\/kinasisters.com\/wp-content\/uploads\/2025\/10\/Derma-roller-rouleau-dermique-cheveux-afro.jpg\" \/>\n\t<meta property=\"og:image:width\" content=\"800\" \/>\n\t<meta property=\"og:image:height\" content=\"800\" \/>\n\t<meta property=\"og:image:type\" content=\"image\/jpeg\" \/>\n<meta name=\"twitter:card\" content=\"summary_large_image\" \/>\n<meta name=\"twitter:label1\" content=\"Dur\u00e9e de lecture estim\u00e9e\" \/>\n\t<meta name=\"twitter:data1\" content=\"1 minute\" \/>\n<script type=\"application\/ld+json\" class=\"yoast-schema-graph\">{\"@context\":\"https:\/\/schema.org\",\"@graph\":[{\"@type\":\"WebPage\",\"@id\":\"https:\/\/kinasisters.com\/produit\/derma-roller\/\",\"url\":\"https:\/\/kinasisters.com\/produit\/derma-roller\/\",\"name\":\"Derma Roller - Kina sisters\",\"isPartOf\":{\"@id\":\"https:\/\/kinasisters.com\/#website\"},\"primaryImageOfPage\":{\"@id\":\"https:\/\/kinasisters.com\/produit\/derma-roller\/#primaryimage\"},\"image\":{\"@id\":\"https:\/\/kinasisters.com\/produit\/derma-roller\/#primaryimage\"},\"thumbnailUrl\":\"https:\/\/kinasisters.com\/wp-content\/uploads\/2025\/10\/Derma-roller-rouleau-dermique-cheveux-afro.jpg\",\"datePublished\":\"2025-10-19T16:50:28+00:00\",\"dateModified\":\"2026-03-03T16:55:40+00:00\",\"breadcrumb\":{\"@id\":\"https:\/\/kinasisters.com\/produit\/derma-roller\/#breadcrumb\"},\"inLanguage\":\"fr-FR\",\"potentialAction\":[{\"@type\":\"ReadAction\",\"target\":[\"https:\/\/kinasisters.com\/produit\/derma-roller\/\"]}]},{\"@type\":\"ImageObject\",\"inLanguage\":\"fr-FR\",\"@id\":\"https:\/\/kinasisters.com\/produit\/derma-roller\/#primaryimage\",\"url\":\"https:\/\/kinasisters.com\/wp-content\/uploads\/2025\/10\/Derma-roller-rouleau-dermique-cheveux-afro.jpg\",\"contentUrl\":\"https:\/\/kinasisters.com\/wp-content\/uploads\/2025\/10\/Derma-roller-rouleau-dermique-cheveux-afro.jpg\",\"width\":800,\"height\":800},{\"@type\":\"BreadcrumbList\",\"@id\":\"https:\/\/kinasisters.com\/produit\/derma-roller\/#breadcrumb\",\"itemListElement\":[{\"@type\":\"ListItem\",\"position\":1,\"name\":\"Accueil\",\"item\":\"https:\/\/kinasisters.com\/\"},{\"@type\":\"ListItem\",\"position\":2,\"name\":\"02-Boutique\",\"item\":\"https:\/\/kinasisters.com\/store-natural-textured-hair\/\"},{\"@type\":\"ListItem\",\"position\":3,\"name\":\"Derma Roller\"}]},{\"@type\":\"WebSite\",\"@id\":\"https:\/\/kinasisters.com\/#website\",\"url\":\"https:\/\/kinasisters.com\/\",\"name\":\"Kina sisters\",\"description\":\"Premium Hair Care\",\"publisher\":{\"@id\":\"https:\/\/kinasisters.com\/#organization\"},\"potentialAction\":[{\"@type\":\"SearchAction\",\"target\":{\"@type\":\"EntryPoint\",\"urlTemplate\":\"https:\/\/kinasisters.com\/?s={search_term_string}\"},\"query-input\":{\"@type\":\"PropertyValueSpecification\",\"valueRequired\":true,\"valueName\":\"search_term_string\"}}],\"inLanguage\":\"fr-FR\"},{\"@type\":\"Organization\",\"@id\":\"https:\/\/kinasisters.com\/#organization\",\"name\":\"Kina sisters\",\"url\":\"https:\/\/kinasisters.com\/\",\"logo\":{\"@type\":\"ImageObject\",\"inLanguage\":\"fr-FR\",\"@id\":\"https:\/\/kinasisters.com\/#\/schema\/logo\/image\/\",\"url\":\"https:\/\/kinasisters.com\/wp-content\/uploads\/2025\/09\/Logo.avif\",\"contentUrl\":\"https:\/\/kinasisters.com\/wp-content\/uploads\/2025\/09\/Logo.avif\",\"width\":260,\"height\":173,\"caption\":\"Kina sisters\"},\"image\":{\"@id\":\"https:\/\/kinasisters.com\/#\/schema\/logo\/image\/\"},\"sameAs\":[\"https:\/\/www.instagram.com\/kina_sisters\/\"]}]}<\/script>\n<!-- \/ Yoast SEO plugin. -->","yoast_head_json":{"title":"Derma Roller - Kina sisters","robots":{"index":"index","follow":"follow","max-snippet":"max-snippet:-1","max-image-preview":"max-image-preview:large","max-video-preview":"max-video-preview:-1"},"canonical":"https:\/\/kinasisters.com\/fr\/produit\/derma-roller\/","og_locale":"fr_FR","og_type":"article","og_title":"Derma Roller - Kina sisters","og_description":"What if just a few minutes a week were enough to awaken your curls? The Derma Roller stimulates hair growth, strengthens your roots, and naturally restores density and vitality to your hair. Thanks to its micro-needles, the Derma Roller boosts blood circulation in the scalp and stimulates collagen production. Result: faster hair growth, reduced hair loss, and stronger, thicker, more vibrant hair.","og_url":"https:\/\/kinasisters.com\/fr\/produit\/derma-roller\/","og_site_name":"Kina sisters","article_modified_time":"2026-03-03T16:55:40+00:00","og_image":[{"width":800,"height":800,"url":"https:\/\/kinasisters.com\/wp-content\/uploads\/2025\/10\/Derma-roller-rouleau-dermique-cheveux-afro.jpg","type":"image\/jpeg"}],"twitter_card":"summary_large_image","twitter_misc":{"Dur\u00e9e de lecture estim\u00e9e":"1 minute"},"schema":{"@context":"https:\/\/schema.org","@graph":[{"@type":"WebPage","@id":"https:\/\/kinasisters.com\/produit\/derma-roller\/","url":"https:\/\/kinasisters.com\/produit\/derma-roller\/","name":"Derma Roller - Kina sisters","isPartOf":{"@id":"https:\/\/kinasisters.com\/#website"},"primaryImageOfPage":{"@id":"https:\/\/kinasisters.com\/produit\/derma-roller\/#primaryimage"},"image":{"@id":"https:\/\/kinasisters.com\/produit\/derma-roller\/#primaryimage"},"thumbnailUrl":"https:\/\/kinasisters.com\/wp-content\/uploads\/2025\/10\/Derma-roller-rouleau-dermique-cheveux-afro.jpg","datePublished":"2025-10-19T16:50:28+00:00","dateModified":"2026-03-03T16:55:40+00:00","breadcrumb":{"@id":"https:\/\/kinasisters.com\/produit\/derma-roller\/#breadcrumb"},"inLanguage":"fr-FR","potentialAction":[{"@type":"ReadAction","target":["https:\/\/kinasisters.com\/produit\/derma-roller\/"]}]},{"@type":"ImageObject","inLanguage":"fr-FR","@id":"https:\/\/kinasisters.com\/produit\/derma-roller\/#primaryimage","url":"https:\/\/kinasisters.com\/wp-content\/uploads\/2025\/10\/Derma-roller-rouleau-dermique-cheveux-afro.jpg","contentUrl":"https:\/\/kinasisters.com\/wp-content\/uploads\/2025\/10\/Derma-roller-rouleau-dermique-cheveux-afro.jpg","width":800,"height":800},{"@type":"BreadcrumbList","@id":"https:\/\/kinasisters.com\/produit\/derma-roller\/#breadcrumb","itemListElement":[{"@type":"ListItem","position":1,"name":"Accueil","item":"https:\/\/kinasisters.com\/"},{"@type":"ListItem","position":2,"name":"02-Boutique","item":"https:\/\/kinasisters.com\/store-natural-textured-hair\/"},{"@type":"ListItem","position":3,"name":"Derma Roller"}]},{"@type":"WebSite","@id":"https:\/\/kinasisters.com\/#website","url":"https:\/\/kinasisters.com\/","name":"Kina sisters","description":"Soins capillaires haut de gamme","publisher":{"@id":"https:\/\/kinasisters.com\/#organization"},"potentialAction":[{"@type":"SearchAction","target":{"@type":"EntryPoint","urlTemplate":"https:\/\/kinasisters.com\/?s={search_term_string}"},"query-input":{"@type":"PropertyValueSpecification","valueRequired":true,"valueName":"search_term_string"}}],"inLanguage":"fr-FR"},{"@type":"Organization","@id":"https:\/\/kinasisters.com\/#organization","name":"Kina sisters","url":"https:\/\/kinasisters.com\/","logo":{"@type":"ImageObject","inLanguage":"fr-FR","@id":"https:\/\/kinasisters.com\/#\/schema\/logo\/image\/","url":"https:\/\/kinasisters.com\/wp-content\/uploads\/2025\/09\/Logo.avif","contentUrl":"https:\/\/kinasisters.com\/wp-content\/uploads\/2025\/09\/Logo.avif","width":260,"height":173,"caption":"Kina sisters"},"image":{"@id":"https:\/\/kinasisters.com\/#\/schema\/logo\/image\/"},"sameAs":["https:\/\/www.instagram.com\/kina_sisters\/"]}]}},"thumbnail":"https:\/\/kinasisters.com\/wp-content\/uploads\/2025\/10\/Derma-roller-rouleau-dermique-cheveux-afro.jpg","price_html":"<span class=\"woocommerce-Price-amount amount\"><bdi><span class=\"woocommerce-Price-currencySymbol\">&#36;<\/span>12.00<\/bdi><\/span>","on_sale":false,"stock_status":"instock","rating_html":"","rating_count":0,"_links":{"self":[{"href":"https:\/\/kinasisters.com\/fr\/wp-json\/wp\/v2\/product\/709","targetHints":{"allow":["GET"]}}],"collection":[{"href":"https:\/\/kinasisters.com\/fr\/wp-json\/wp\/v2\/product"}],"about":[{"href":"https:\/\/kinasisters.com\/fr\/wp-json\/wp\/v2\/types\/product"}],"replies":[{"embeddable":true,"href":"https:\/\/kinasisters.com\/fr\/wp-json\/wp\/v2\/comments?post=709"}],"wp:featuredmedia":[{"embeddable":true,"href":"https:\/\/kinasisters.com\/fr\/wp-json\/wp\/v2\/media\/712"}],"wp:attachment":[{"href":"https:\/\/kinasisters.com\/fr\/wp-json\/wp\/v2\/media?parent=709"}],"wp:term":[{"taxonomy":"product_brand","embeddable":true,"href":"https:\/\/kinasisters.com\/fr\/wp-json\/wp\/v2\/product_brand?post=709"},{"taxonomy":"product_cat","embeddable":true,"href":"https:\/\/kinasisters.com\/fr\/wp-json\/wp\/v2\/product_cat?post=709"},{"taxonomy":"product_tag","embeddable":true,"href":"https:\/\/kinasisters.com\/fr\/wp-json\/wp\/v2\/product_tag?post=709"}],"curies":[{"name":"wp","href":"https:\/\/api.w.org\/{rel}","templated":true}]}}