{"id":1449,"date":"2026-02-16T15:29:08","date_gmt":"2026-02-16T15:29:08","guid":{"rendered":"https:\/\/kinasisters.com\/?post_type=product&#038;p=1449"},"modified":"2026-02-16T15:35:44","modified_gmt":"2026-02-16T15:35:44","slug":"heat-cap","status":"publish","type":"product","link":"https:\/\/kinasisters.com\/fr\/produit\/heat-cap\/","title":{"rendered":"Bonnet chauffant"},"content":{"rendered":"<p>Le bonnet chauffant se distingue par plusieurs aspects uniques. Tout d\u2019abord, il est con\u00e7u avec des mat\u00e9riaux de haute qualit\u00e9, comme le lin, qui permet une r\u00e9partition homog\u00e8ne de la chaleur et une meilleure conservation de la chaleur. Ensuite, il est sp\u00e9cialement con\u00e7u pour s\u2019adapter \u00e0 tous les types de cheveux, qu\u2019ils soient boucl\u00e9s, fris\u00e9s, cr\u00e9pus, ou lisses, offrant ainsi une solution universelle. De plus, il est dot\u00e9 d\u2019une technologie qui permet un chauffage doux et contr\u00f4l\u00e9, \u00e9vitant ainsi les risques de surchauffe et prot\u00e9geant la fibre capillaire. En outre, ce bonnet offre une exp\u00e9rience de soin personnalis\u00e9e, en permettant d\u2019utiliser des huiles, des masques ou des traitements sp\u00e9cifiques, optimisant ainsi les r\u00e9sultats. Enfin, l\u2019aspect ergonomique et confortable du bonnet permet une utilisation simple et agr\u00e9able, rendant le soin capillaire \u00e0 la fois efficace et plaisant.<\/p>","protected":false},"excerpt":{"rendered":"<p>D\u00e9couvrez le secret d\u2019une hydratation capillaire profonde avec notre bonnet chauffant. En quelques minutes seulement, <strong>il r\u00e9active la p\u00e9n\u00e9tration de vos soins, nourrit intens\u00e9ment vos cheveux<\/strong> et leur redonne force, \u00e9clat et vitalit\u00e9. Con\u00e7u avec des grains de lin qui diffusent une chaleur douce et naturelle, il stimule le cuir chevelu tout en am\u00e9liorant l\u2019hydratation et la nutrition de vos cheveux, pour un soin efficace et agr\u00e9able.<\/p>","protected":false},"featured_media":1008,"comment_status":"open","ping_status":"closed","template":"","meta":{"_acf_changed":false,"_et_pb_use_builder":"","_et_pb_old_content":"","_et_gb_content_width":""},"product_brand":[],"product_cat":[22],"product_tag":[],"class_list":{"0":"post-1449","1":"product","2":"type-product","3":"status-publish","4":"has-post-thumbnail","6":"product_cat-accessoires","8":"first","9":"instock","10":"taxable","11":"shipping-taxable","12":"purchasable","13":"product-type-variable"},"supplier_id":null,"supplier_sku":"","barcode":null,"atum_controlled":true,"out_stock_date":"2026-02-16 15:25:28","out_stock_threshold":null,"inheritable":true,"inbound_stock":null,"stock_on_hold":0,"sold_today":0,"sales_last_days":0,"reserved_stock":null,"customer_returns":null,"warehouse_damage":null,"lost_in_post":null,"other_logs":null,"out_stock_days":54,"lost_sales":0,"has_location":false,"update_date":"2026-04-12T08:06:02","atum_locations":[],"atum_stock_status":"instock","restock_status":false,"low_stock_amount":"","sales_update_date":"2026-04-12T08:06:02","calc_backorders":null,"mi_inventories":[],"multi_inventory":"no","inventory_sorting_mode":"global","inventory_iteration":"global","expirable_inventories":"global","price_per_inventory":"global","show_write_off_inventories":"global","selectable_inventories":"global","selectable_inventories_mode":"global","acf":[],"yoast_head":"<!-- This site is optimized with the Yoast SEO plugin v27.2 - https:\/\/yoast.com\/product\/yoast-seo-wordpress\/ -->\n<title>Heat cap - Kina sisters<\/title>\n<meta name=\"robots\" content=\"index, follow, max-snippet:-1, max-image-preview:large, max-video-preview:-1\" \/>\n<link rel=\"canonical\" href=\"https:\/\/kinasisters.com\/fr\/produit\/heat-cap\/\" \/>\n<meta property=\"og:locale\" content=\"fr_FR\" \/>\n<meta property=\"og:type\" content=\"article\" \/>\n<meta property=\"og:title\" content=\"Heat cap - Kina sisters\" \/>\n<meta property=\"og:description\" content=\"Discover the secret to deep hair hydration with our Heat Cap. In just a few minutes, it reactivates the absorption of your treatments, intensely nourishes your hair, and restores strength, shine, and vitality. Designed with flax seeds that release gentle, natural heat, it stimulates the scalp while improving hair hydration and nourishment, for an effective and enjoyable treatment.\" \/>\n<meta property=\"og:url\" content=\"https:\/\/kinasisters.com\/fr\/produit\/heat-cap\/\" \/>\n<meta property=\"og:site_name\" content=\"Kina sisters\" \/>\n<meta property=\"article:modified_time\" content=\"2026-02-16T15:35:44+00:00\" \/>\n<meta property=\"og:image\" content=\"https:\/\/kinasisters.com\/wp-content\/uploads\/2025\/10\/bonnet-chauffant-cheveux-afro-1.jpg\" \/>\n\t<meta property=\"og:image:width\" content=\"800\" \/>\n\t<meta property=\"og:image:height\" content=\"800\" \/>\n\t<meta property=\"og:image:type\" content=\"image\/jpeg\" \/>\n<meta name=\"twitter:card\" content=\"summary_large_image\" \/>\n<meta name=\"twitter:label1\" content=\"Dur\u00e9e de lecture estim\u00e9e\" \/>\n\t<meta name=\"twitter:data1\" content=\"1 minute\" \/>\n<script type=\"application\/ld+json\" class=\"yoast-schema-graph\">{\"@context\":\"https:\/\/schema.org\",\"@graph\":[{\"@type\":\"WebPage\",\"@id\":\"https:\/\/kinasisters.com\/produit\/heat-cap\/\",\"url\":\"https:\/\/kinasisters.com\/produit\/heat-cap\/\",\"name\":\"Heat cap - Kina sisters\",\"isPartOf\":{\"@id\":\"https:\/\/kinasisters.com\/#website\"},\"primaryImageOfPage\":{\"@id\":\"https:\/\/kinasisters.com\/produit\/heat-cap\/#primaryimage\"},\"image\":{\"@id\":\"https:\/\/kinasisters.com\/produit\/heat-cap\/#primaryimage\"},\"thumbnailUrl\":\"https:\/\/kinasisters.com\/wp-content\/uploads\/2025\/10\/bonnet-chauffant-cheveux-afro-1.jpg\",\"datePublished\":\"2026-02-16T15:29:08+00:00\",\"dateModified\":\"2026-02-16T15:35:44+00:00\",\"breadcrumb\":{\"@id\":\"https:\/\/kinasisters.com\/produit\/heat-cap\/#breadcrumb\"},\"inLanguage\":\"fr-FR\",\"potentialAction\":[{\"@type\":\"ReadAction\",\"target\":[\"https:\/\/kinasisters.com\/produit\/heat-cap\/\"]}]},{\"@type\":\"ImageObject\",\"inLanguage\":\"fr-FR\",\"@id\":\"https:\/\/kinasisters.com\/produit\/heat-cap\/#primaryimage\",\"url\":\"https:\/\/kinasisters.com\/wp-content\/uploads\/2025\/10\/bonnet-chauffant-cheveux-afro-1.jpg\",\"contentUrl\":\"https:\/\/kinasisters.com\/wp-content\/uploads\/2025\/10\/bonnet-chauffant-cheveux-afro-1.jpg\",\"width\":800,\"height\":800},{\"@type\":\"BreadcrumbList\",\"@id\":\"https:\/\/kinasisters.com\/produit\/heat-cap\/#breadcrumb\",\"itemListElement\":[{\"@type\":\"ListItem\",\"position\":1,\"name\":\"Accueil\",\"item\":\"https:\/\/kinasisters.com\/\"},{\"@type\":\"ListItem\",\"position\":2,\"name\":\"02-Boutique\",\"item\":\"https:\/\/kinasisters.com\/store-natural-textured-hair\/\"},{\"@type\":\"ListItem\",\"position\":3,\"name\":\"Heat cap\"}]},{\"@type\":\"WebSite\",\"@id\":\"https:\/\/kinasisters.com\/#website\",\"url\":\"https:\/\/kinasisters.com\/\",\"name\":\"Kina sisters\",\"description\":\"Premium Hair Care\",\"publisher\":{\"@id\":\"https:\/\/kinasisters.com\/#organization\"},\"potentialAction\":[{\"@type\":\"SearchAction\",\"target\":{\"@type\":\"EntryPoint\",\"urlTemplate\":\"https:\/\/kinasisters.com\/?s={search_term_string}\"},\"query-input\":{\"@type\":\"PropertyValueSpecification\",\"valueRequired\":true,\"valueName\":\"search_term_string\"}}],\"inLanguage\":\"fr-FR\"},{\"@type\":\"Organization\",\"@id\":\"https:\/\/kinasisters.com\/#organization\",\"name\":\"Kina sisters\",\"url\":\"https:\/\/kinasisters.com\/\",\"logo\":{\"@type\":\"ImageObject\",\"inLanguage\":\"fr-FR\",\"@id\":\"https:\/\/kinasisters.com\/#\/schema\/logo\/image\/\",\"url\":\"https:\/\/kinasisters.com\/wp-content\/uploads\/2025\/09\/Logo.avif\",\"contentUrl\":\"https:\/\/kinasisters.com\/wp-content\/uploads\/2025\/09\/Logo.avif\",\"width\":260,\"height\":173,\"caption\":\"Kina sisters\"},\"image\":{\"@id\":\"https:\/\/kinasisters.com\/#\/schema\/logo\/image\/\"},\"sameAs\":[\"https:\/\/www.instagram.com\/kina_sisters\/\"]}]}<\/script>\n<!-- \/ Yoast SEO plugin. -->","yoast_head_json":{"title":"Heat cap - Kina sisters","robots":{"index":"index","follow":"follow","max-snippet":"max-snippet:-1","max-image-preview":"max-image-preview:large","max-video-preview":"max-video-preview:-1"},"canonical":"https:\/\/kinasisters.com\/fr\/produit\/heat-cap\/","og_locale":"fr_FR","og_type":"article","og_title":"Heat cap - Kina sisters","og_description":"Discover the secret to deep hair hydration with our Heat Cap. In just a few minutes, it reactivates the absorption of your treatments, intensely nourishes your hair, and restores strength, shine, and vitality. Designed with flax seeds that release gentle, natural heat, it stimulates the scalp while improving hair hydration and nourishment, for an effective and enjoyable treatment.","og_url":"https:\/\/kinasisters.com\/fr\/produit\/heat-cap\/","og_site_name":"Kina sisters","article_modified_time":"2026-02-16T15:35:44+00:00","og_image":[{"width":800,"height":800,"url":"https:\/\/kinasisters.com\/wp-content\/uploads\/2025\/10\/bonnet-chauffant-cheveux-afro-1.jpg","type":"image\/jpeg"}],"twitter_card":"summary_large_image","twitter_misc":{"Dur\u00e9e de lecture estim\u00e9e":"1 minute"},"schema":{"@context":"https:\/\/schema.org","@graph":[{"@type":"WebPage","@id":"https:\/\/kinasisters.com\/produit\/heat-cap\/","url":"https:\/\/kinasisters.com\/produit\/heat-cap\/","name":"Heat cap - Kina sisters","isPartOf":{"@id":"https:\/\/kinasisters.com\/#website"},"primaryImageOfPage":{"@id":"https:\/\/kinasisters.com\/produit\/heat-cap\/#primaryimage"},"image":{"@id":"https:\/\/kinasisters.com\/produit\/heat-cap\/#primaryimage"},"thumbnailUrl":"https:\/\/kinasisters.com\/wp-content\/uploads\/2025\/10\/bonnet-chauffant-cheveux-afro-1.jpg","datePublished":"2026-02-16T15:29:08+00:00","dateModified":"2026-02-16T15:35:44+00:00","breadcrumb":{"@id":"https:\/\/kinasisters.com\/produit\/heat-cap\/#breadcrumb"},"inLanguage":"fr-FR","potentialAction":[{"@type":"ReadAction","target":["https:\/\/kinasisters.com\/produit\/heat-cap\/"]}]},{"@type":"ImageObject","inLanguage":"fr-FR","@id":"https:\/\/kinasisters.com\/produit\/heat-cap\/#primaryimage","url":"https:\/\/kinasisters.com\/wp-content\/uploads\/2025\/10\/bonnet-chauffant-cheveux-afro-1.jpg","contentUrl":"https:\/\/kinasisters.com\/wp-content\/uploads\/2025\/10\/bonnet-chauffant-cheveux-afro-1.jpg","width":800,"height":800},{"@type":"BreadcrumbList","@id":"https:\/\/kinasisters.com\/produit\/heat-cap\/#breadcrumb","itemListElement":[{"@type":"ListItem","position":1,"name":"Accueil","item":"https:\/\/kinasisters.com\/"},{"@type":"ListItem","position":2,"name":"02-Boutique","item":"https:\/\/kinasisters.com\/store-natural-textured-hair\/"},{"@type":"ListItem","position":3,"name":"Heat cap"}]},{"@type":"WebSite","@id":"https:\/\/kinasisters.com\/#website","url":"https:\/\/kinasisters.com\/","name":"Kina sisters","description":"Soins capillaires haut de gamme","publisher":{"@id":"https:\/\/kinasisters.com\/#organization"},"potentialAction":[{"@type":"SearchAction","target":{"@type":"EntryPoint","urlTemplate":"https:\/\/kinasisters.com\/?s={search_term_string}"},"query-input":{"@type":"PropertyValueSpecification","valueRequired":true,"valueName":"search_term_string"}}],"inLanguage":"fr-FR"},{"@type":"Organization","@id":"https:\/\/kinasisters.com\/#organization","name":"Kina sisters","url":"https:\/\/kinasisters.com\/","logo":{"@type":"ImageObject","inLanguage":"fr-FR","@id":"https:\/\/kinasisters.com\/#\/schema\/logo\/image\/","url":"https:\/\/kinasisters.com\/wp-content\/uploads\/2025\/09\/Logo.avif","contentUrl":"https:\/\/kinasisters.com\/wp-content\/uploads\/2025\/09\/Logo.avif","width":260,"height":173,"caption":"Kina sisters"},"image":{"@id":"https:\/\/kinasisters.com\/#\/schema\/logo\/image\/"},"sameAs":["https:\/\/www.instagram.com\/kina_sisters\/"]}]}},"thumbnail":"https:\/\/kinasisters.com\/wp-content\/uploads\/2025\/10\/bonnet-chauffant-cheveux-afro-1.jpg","price_html":"<span class=\"woocommerce-Price-amount amount\"><bdi><span class=\"woocommerce-Price-currencySymbol\">&#36;<\/span>22.00<\/bdi><\/span>","on_sale":false,"stock_status":"instock","rating_html":"","rating_count":0,"_links":{"self":[{"href":"https:\/\/kinasisters.com\/fr\/wp-json\/wp\/v2\/product\/1449","targetHints":{"allow":["GET"]}}],"collection":[{"href":"https:\/\/kinasisters.com\/fr\/wp-json\/wp\/v2\/product"}],"about":[{"href":"https:\/\/kinasisters.com\/fr\/wp-json\/wp\/v2\/types\/product"}],"replies":[{"embeddable":true,"href":"https:\/\/kinasisters.com\/fr\/wp-json\/wp\/v2\/comments?post=1449"}],"wp:featuredmedia":[{"embeddable":true,"href":"https:\/\/kinasisters.com\/fr\/wp-json\/wp\/v2\/media\/1008"}],"wp:attachment":[{"href":"https:\/\/kinasisters.com\/fr\/wp-json\/wp\/v2\/media?parent=1449"}],"wp:term":[{"taxonomy":"product_brand","embeddable":true,"href":"https:\/\/kinasisters.com\/fr\/wp-json\/wp\/v2\/product_brand?post=1449"},{"taxonomy":"product_cat","embeddable":true,"href":"https:\/\/kinasisters.com\/fr\/wp-json\/wp\/v2\/product_cat?post=1449"},{"taxonomy":"product_tag","embeddable":true,"href":"https:\/\/kinasisters.com\/fr\/wp-json\/wp\/v2\/product_tag?post=1449"}],"curies":[{"name":"wp","href":"https:\/\/api.w.org\/{rel}","templated":true}]}}