{"id":1093,"date":"2025-11-25T18:38:24","date_gmt":"2025-11-25T18:38:24","guid":{"rendered":"https:\/\/kinasisters.com\/?post_type=product&#038;p=1093"},"modified":"2026-02-23T16:38:53","modified_gmt":"2026-02-23T16:38:53","slug":"moringa-oil","status":"publish","type":"product","link":"https:\/\/kinasisters.com\/fr\/produit\/moringa-oil\/","title":{"rendered":"Huile de moringa"},"content":{"rendered":"<p data-start=\"41\" data-end=\"351\"><strong data-start=\"41\" data-end=\"118\">Optimise les bienfaits de ton huile de moringa en la combinant avec de l\u2019aloe vera.<\/strong><br data-start=\"118\" data-end=\"121\" \/>Ce duo naturel offre l\u2019\u00e9quilibre parfait entre nutrition et hydratation : l\u2019huile de moringa prot\u00e8ge et renforce la fibre capillaire, tandis que l\u2019aloe vera apaise le cuir chevelu, r\u00e9duit les irritations et scelle l\u2019hydratation au c\u0153ur du cheveu.<\/p>\n<p data-start=\"353\" data-end=\"600\" data-is-last-node=\"\" data-is-only-node=\"\">Parfait pour tes routines de coiffage ou tes masques capillaires maison, il aide \u00e0 retenir l\u2019hydratation, dompter les frisottis et d\u00e9finir les boucles, tout en apportant confort et douceur au cuir chevelu. Un duo simple mais puissant pour prendre soin des cheveux textur\u00e9s au quotidien et soutenir leur croissance naturelle.<\/p>","protected":false},"excerpt":{"rendered":"<p data-start=\"61\" data-end=\"263\"><strong>L\u2019huile de moringa nourrit, r\u00e9g\u00e9n\u00e8re et renforce les cheveux textur\u00e9s. <\/strong><\/p>\n<p data-start=\"61\" data-end=\"263\">Riche en antioxydants et en vitamines, elle hydrate en profondeur, apaise le cuir chevelu et stimule la pousse. Elle rend les boucles plus douces, plus brillantes et plus r\u00e9sistantes \u00e0 la casse. Un soin naturel complet pour des cheveux sains et pleins de vitalit\u00e9.<\/p>\n<p data-start=\"61\" data-end=\"263\"><strong>Si tes cheveux sont ternes, l\u2019huile de moringa leur redonne une brillance incroyable tout en leur apportant tous les nutriments dont ils ont besoin.<\/strong><\/p>\n<p data-start=\"61\" data-end=\"263\"><strong>Format<\/strong>\u00a0120 g<\/p>\n<p class=\"\" data-start=\"1692\" data-end=\"1737\"><em>\u00c0 conserver dans un endroit frais et sec, \u00e0 l\u2019abri de la chaleur.<\/em><\/p>","protected":false},"featured_media":1102,"comment_status":"open","ping_status":"closed","template":"","meta":{"_acf_changed":false,"_et_pb_use_builder":"","_et_pb_old_content":"","_et_gb_content_width":""},"product_brand":[],"product_cat":[47,23],"product_tag":[],"class_list":{"0":"post-1093","1":"product","2":"type-product","3":"status-publish","4":"has-post-thumbnail","6":"product_cat-a-la-une","7":"product_cat-produits","9":"first","10":"instock","11":"taxable","12":"shipping-taxable","13":"purchasable","14":"product-type-simple"},"supplier_id":null,"supplier_sku":"","barcode":null,"atum_controlled":false,"out_stock_date":null,"out_stock_threshold":null,"inheritable":false,"inbound_stock":0,"stock_on_hold":0,"sold_today":0,"sales_last_days":0,"reserved_stock":0,"customer_returns":0,"warehouse_damage":0,"lost_in_post":0,"other_logs":0,"out_stock_days":0,"lost_sales":0,"has_location":true,"update_date":"2026-05-14T23:38:54","atum_locations":[{"id":41,"name":"amerique","slug":"amerique"},{"id":40,"name":"France","slug":"france"}],"atum_stock_status":"instock","restock_status":false,"low_stock_amount":"","sales_update_date":"2026-05-14T23:38:54","calc_backorders":null,"mi_inventories":[22,26,27,39,41,57],"multi_inventory":"global","inventory_sorting_mode":"global","inventory_iteration":"use_next","expirable_inventories":"global","price_per_inventory":"no","show_write_off_inventories":"global","selectable_inventories":"global","selectable_inventories_mode":"global","acf":[],"yoast_head":"<!-- This site is optimized with the Yoast SEO plugin v27.4 - https:\/\/yoast.com\/product\/yoast-seo-wordpress\/ -->\n<title>Moringa oil - Kina sisters<\/title>\n<meta name=\"robots\" content=\"index, follow, max-snippet:-1, max-image-preview:large, max-video-preview:-1\" \/>\n<link rel=\"canonical\" href=\"https:\/\/kinasisters.com\/fr\/produit\/moringa-oil\/\" \/>\n<meta property=\"og:locale\" content=\"fr_FR\" \/>\n<meta property=\"og:type\" content=\"article\" \/>\n<meta property=\"og:title\" content=\"Moringa oil - Kina sisters\" \/>\n<meta property=\"og:description\" content=\"Moringa oil nourishes, regenerates, and strengthens textured hair.  Rich in antioxidants and vitamins, it deeply hydrates, soothes the scalp, and promotes growth. It makes curls softer, shinier, and more resistant to breakage. A complete natural treatment for healthy, thriving hair. If your hair is dull, moringa oil will give it an incredible shine and provide all the nutrients your hair needs. Size :\u00a04.1oz Store in a cool, dry place, away from heat.\" \/>\n<meta property=\"og:url\" content=\"https:\/\/kinasisters.com\/fr\/produit\/moringa-oil\/\" \/>\n<meta property=\"og:site_name\" content=\"Kina sisters\" \/>\n<meta property=\"article:modified_time\" content=\"2026-02-23T16:38:53+00:00\" \/>\n<meta property=\"og:image\" content=\"https:\/\/kinasisters.com\/wp-content\/uploads\/2025\/11\/huile-moringa.webp\" \/>\n\t<meta property=\"og:image:width\" content=\"800\" \/>\n\t<meta property=\"og:image:height\" content=\"800\" \/>\n\t<meta property=\"og:image:type\" content=\"image\/webp\" \/>\n<meta name=\"twitter:card\" content=\"summary_large_image\" \/>\n<meta name=\"twitter:label1\" content=\"Dur\u00e9e de lecture estim\u00e9e\" \/>\n\t<meta name=\"twitter:data1\" content=\"1 minute\" \/>\n<script type=\"application\/ld+json\" class=\"yoast-schema-graph\">{\"@context\":\"https:\\\/\\\/schema.org\",\"@graph\":[{\"@type\":\"WebPage\",\"@id\":\"https:\\\/\\\/kinasisters.com\\\/produit\\\/moringa-oil\\\/\",\"url\":\"https:\\\/\\\/kinasisters.com\\\/produit\\\/moringa-oil\\\/\",\"name\":\"Moringa oil - Kina sisters\",\"isPartOf\":{\"@id\":\"https:\\\/\\\/kinasisters.com\\\/#website\"},\"primaryImageOfPage\":{\"@id\":\"https:\\\/\\\/kinasisters.com\\\/produit\\\/moringa-oil\\\/#primaryimage\"},\"image\":{\"@id\":\"https:\\\/\\\/kinasisters.com\\\/produit\\\/moringa-oil\\\/#primaryimage\"},\"thumbnailUrl\":\"https:\\\/\\\/kinasisters.com\\\/wp-content\\\/uploads\\\/2025\\\/11\\\/huile-moringa.webp\",\"datePublished\":\"2025-11-25T18:38:24+00:00\",\"dateModified\":\"2026-02-23T16:38:53+00:00\",\"breadcrumb\":{\"@id\":\"https:\\\/\\\/kinasisters.com\\\/produit\\\/moringa-oil\\\/#breadcrumb\"},\"inLanguage\":\"fr-FR\",\"potentialAction\":[{\"@type\":\"ReadAction\",\"target\":[\"https:\\\/\\\/kinasisters.com\\\/produit\\\/moringa-oil\\\/\"]}]},{\"@type\":\"ImageObject\",\"inLanguage\":\"fr-FR\",\"@id\":\"https:\\\/\\\/kinasisters.com\\\/produit\\\/moringa-oil\\\/#primaryimage\",\"url\":\"https:\\\/\\\/kinasisters.com\\\/wp-content\\\/uploads\\\/2025\\\/11\\\/huile-moringa.webp\",\"contentUrl\":\"https:\\\/\\\/kinasisters.com\\\/wp-content\\\/uploads\\\/2025\\\/11\\\/huile-moringa.webp\",\"width\":800,\"height\":800},{\"@type\":\"BreadcrumbList\",\"@id\":\"https:\\\/\\\/kinasisters.com\\\/produit\\\/moringa-oil\\\/#breadcrumb\",\"itemListElement\":[{\"@type\":\"ListItem\",\"position\":1,\"name\":\"Accueil\",\"item\":\"https:\\\/\\\/kinasisters.com\\\/\"},{\"@type\":\"ListItem\",\"position\":2,\"name\":\"02-Boutique\",\"item\":\"https:\\\/\\\/kinasisters.com\\\/store-natural-textured-hair\\\/\"},{\"@type\":\"ListItem\",\"position\":3,\"name\":\"Moringa oil\"}]},{\"@type\":\"WebSite\",\"@id\":\"https:\\\/\\\/kinasisters.com\\\/#website\",\"url\":\"https:\\\/\\\/kinasisters.com\\\/\",\"name\":\"Kina sisters\",\"description\":\"Premium Hair Care\",\"publisher\":{\"@id\":\"https:\\\/\\\/kinasisters.com\\\/#organization\"},\"potentialAction\":[{\"@type\":\"SearchAction\",\"target\":{\"@type\":\"EntryPoint\",\"urlTemplate\":\"https:\\\/\\\/kinasisters.com\\\/?s={search_term_string}\"},\"query-input\":{\"@type\":\"PropertyValueSpecification\",\"valueRequired\":true,\"valueName\":\"search_term_string\"}}],\"inLanguage\":\"fr-FR\"},{\"@type\":\"Organization\",\"@id\":\"https:\\\/\\\/kinasisters.com\\\/#organization\",\"name\":\"Kina sisters\",\"url\":\"https:\\\/\\\/kinasisters.com\\\/\",\"logo\":{\"@type\":\"ImageObject\",\"inLanguage\":\"fr-FR\",\"@id\":\"https:\\\/\\\/kinasisters.com\\\/#\\\/schema\\\/logo\\\/image\\\/\",\"url\":\"https:\\\/\\\/kinasisters.com\\\/wp-content\\\/uploads\\\/2025\\\/09\\\/Logo.avif\",\"contentUrl\":\"https:\\\/\\\/kinasisters.com\\\/wp-content\\\/uploads\\\/2025\\\/09\\\/Logo.avif\",\"width\":260,\"height\":173,\"caption\":\"Kina sisters\"},\"image\":{\"@id\":\"https:\\\/\\\/kinasisters.com\\\/#\\\/schema\\\/logo\\\/image\\\/\"},\"sameAs\":[\"https:\\\/\\\/www.instagram.com\\\/kina_sisters\\\/\"]}]}<\/script>\n<!-- \/ Yoast SEO plugin. -->","yoast_head_json":{"title":"Moringa oil - Kina sisters","robots":{"index":"index","follow":"follow","max-snippet":"max-snippet:-1","max-image-preview":"max-image-preview:large","max-video-preview":"max-video-preview:-1"},"canonical":"https:\/\/kinasisters.com\/fr\/produit\/moringa-oil\/","og_locale":"fr_FR","og_type":"article","og_title":"Moringa oil - Kina sisters","og_description":"Moringa oil nourishes, regenerates, and strengthens textured hair.  Rich in antioxidants and vitamins, it deeply hydrates, soothes the scalp, and promotes growth. It makes curls softer, shinier, and more resistant to breakage. A complete natural treatment for healthy, thriving hair. If your hair is dull, moringa oil will give it an incredible shine and provide all the nutrients your hair needs. Size :\u00a04.1oz Store in a cool, dry place, away from heat.","og_url":"https:\/\/kinasisters.com\/fr\/produit\/moringa-oil\/","og_site_name":"Kina sisters","article_modified_time":"2026-02-23T16:38:53+00:00","og_image":[{"width":800,"height":800,"url":"https:\/\/kinasisters.com\/wp-content\/uploads\/2025\/11\/huile-moringa.webp","type":"image\/webp"}],"twitter_card":"summary_large_image","twitter_misc":{"Dur\u00e9e de lecture estim\u00e9e":"1 minute"},"schema":{"@context":"https:\/\/schema.org","@graph":[{"@type":"WebPage","@id":"https:\/\/kinasisters.com\/produit\/moringa-oil\/","url":"https:\/\/kinasisters.com\/produit\/moringa-oil\/","name":"Moringa oil - Kina sisters","isPartOf":{"@id":"https:\/\/kinasisters.com\/#website"},"primaryImageOfPage":{"@id":"https:\/\/kinasisters.com\/produit\/moringa-oil\/#primaryimage"},"image":{"@id":"https:\/\/kinasisters.com\/produit\/moringa-oil\/#primaryimage"},"thumbnailUrl":"https:\/\/kinasisters.com\/wp-content\/uploads\/2025\/11\/huile-moringa.webp","datePublished":"2025-11-25T18:38:24+00:00","dateModified":"2026-02-23T16:38:53+00:00","breadcrumb":{"@id":"https:\/\/kinasisters.com\/produit\/moringa-oil\/#breadcrumb"},"inLanguage":"fr-FR","potentialAction":[{"@type":"ReadAction","target":["https:\/\/kinasisters.com\/produit\/moringa-oil\/"]}]},{"@type":"ImageObject","inLanguage":"fr-FR","@id":"https:\/\/kinasisters.com\/produit\/moringa-oil\/#primaryimage","url":"https:\/\/kinasisters.com\/wp-content\/uploads\/2025\/11\/huile-moringa.webp","contentUrl":"https:\/\/kinasisters.com\/wp-content\/uploads\/2025\/11\/huile-moringa.webp","width":800,"height":800},{"@type":"BreadcrumbList","@id":"https:\/\/kinasisters.com\/produit\/moringa-oil\/#breadcrumb","itemListElement":[{"@type":"ListItem","position":1,"name":"Accueil","item":"https:\/\/kinasisters.com\/"},{"@type":"ListItem","position":2,"name":"02-Boutique","item":"https:\/\/kinasisters.com\/store-natural-textured-hair\/"},{"@type":"ListItem","position":3,"name":"Moringa oil"}]},{"@type":"WebSite","@id":"https:\/\/kinasisters.com\/#website","url":"https:\/\/kinasisters.com\/","name":"Kina sisters","description":"Soins capillaires haut de gamme","publisher":{"@id":"https:\/\/kinasisters.com\/#organization"},"potentialAction":[{"@type":"SearchAction","target":{"@type":"EntryPoint","urlTemplate":"https:\/\/kinasisters.com\/?s={search_term_string}"},"query-input":{"@type":"PropertyValueSpecification","valueRequired":true,"valueName":"search_term_string"}}],"inLanguage":"fr-FR"},{"@type":"Organization","@id":"https:\/\/kinasisters.com\/#organization","name":"Kina sisters","url":"https:\/\/kinasisters.com\/","logo":{"@type":"ImageObject","inLanguage":"fr-FR","@id":"https:\/\/kinasisters.com\/#\/schema\/logo\/image\/","url":"https:\/\/kinasisters.com\/wp-content\/uploads\/2025\/09\/Logo.avif","contentUrl":"https:\/\/kinasisters.com\/wp-content\/uploads\/2025\/09\/Logo.avif","width":260,"height":173,"caption":"Kina sisters"},"image":{"@id":"https:\/\/kinasisters.com\/#\/schema\/logo\/image\/"},"sameAs":["https:\/\/www.instagram.com\/kina_sisters\/"]}]}},"thumbnail":"https:\/\/kinasisters.com\/wp-content\/uploads\/2025\/11\/huile-moringa.webp","price_html":"<span class=\"woocommerce-Price-amount amount\"><bdi><span class=\"woocommerce-Price-currencySymbol\">&#36;<\/span>18.00<\/bdi><\/span>","on_sale":false,"stock_status":"instock","rating_html":"","rating_count":0,"_links":{"self":[{"href":"https:\/\/kinasisters.com\/fr\/wp-json\/wp\/v2\/product\/1093","targetHints":{"allow":["GET"]}}],"collection":[{"href":"https:\/\/kinasisters.com\/fr\/wp-json\/wp\/v2\/product"}],"about":[{"href":"https:\/\/kinasisters.com\/fr\/wp-json\/wp\/v2\/types\/product"}],"replies":[{"embeddable":true,"href":"https:\/\/kinasisters.com\/fr\/wp-json\/wp\/v2\/comments?post=1093"}],"wp:featuredmedia":[{"embeddable":true,"href":"https:\/\/kinasisters.com\/fr\/wp-json\/wp\/v2\/media\/1102"}],"wp:attachment":[{"href":"https:\/\/kinasisters.com\/fr\/wp-json\/wp\/v2\/media?parent=1093"}],"wp:term":[{"taxonomy":"product_brand","embeddable":true,"href":"https:\/\/kinasisters.com\/fr\/wp-json\/wp\/v2\/product_brand?post=1093"},{"taxonomy":"product_cat","embeddable":true,"href":"https:\/\/kinasisters.com\/fr\/wp-json\/wp\/v2\/product_cat?post=1093"},{"taxonomy":"product_tag","embeddable":true,"href":"https:\/\/kinasisters.com\/fr\/wp-json\/wp\/v2\/product_tag?post=1093"}],"curies":[{"name":"wp","href":"https:\/\/api.w.org\/{rel}","templated":true}]}}