{"id":1432,"date":"2026-02-06T14:27:13","date_gmt":"2026-02-06T14:27:13","guid":{"rendered":"https:\/\/kinasisters.com\/?page_id=1432"},"modified":"2026-02-06T14:44:09","modified_gmt":"2026-02-06T14:44:09","slug":"linktree","status":"publish","type":"page","link":"https:\/\/kinasisters.com\/fr\/linktree\/","title":{"rendered":"Linktree"},"content":{"rendered":"<p>[et_pb_section fb_built=&#8221;1&#8243; _builder_version=&#8221;4.20.4&#8243; _module_preset=&#8221;default&#8221; background_enable_color=&#8221;off&#8221; global_colors_info=&#8221;{}&#8221;][et_pb_row _builder_version=&#8221;4.20.4&#8243; _module_preset=&#8221;default&#8221; background_color=&#8221;#000000&#8243; custom_margin=&#8221;80px||||false|false&#8221; global_colors_info=&#8221;{}&#8221;][et_pb_column type=&#8221;4_4&#8243; _builder_version=&#8221;4.20.4&#8243; _module_preset=&#8221;default&#8221; global_colors_info=&#8221;{}&#8221;][et_pb_blurb title=&#8221;KINA SISTERS&#8221; image=&#8221;https:\/\/kinasisters.com\/wp-content\/uploads\/2025\/12\/Araba-diarra-story-kina-sisters.webp&#8221; image_icon_width=&#8221;70%&#8221; _builder_version=&#8221;4.27.5&#8243; _module_preset=&#8221;default&#8221; header_level=&#8221;h1&#8243; header_font=&#8221;Rubik|600|||||||&#8221; header_text_align=&#8221;center&#8221; header_text_color=&#8221;#FFFFFF&#8221; header_font_size=&#8221;25px&#8221; body_font=&#8221;Poppins||||||||&#8221; body_text_align=&#8221;center&#8221; body_text_color=&#8221;#FFFFFF&#8221; custom_margin=&#8221;-120px||||false|false&#8221; custom_padding=&#8221;|30px||30px|false|true&#8221; animation=&#8221;off&#8221; border_radii_image=&#8221;on|400px|400px|400px|400px&#8221; global_colors_info=&#8221;{}&#8221;]<\/p>\n<p><span>100% natural hair care and accessories for curly, coily, and textured hair. Repair, hydrate, and enhance your curls while caring for your hairstyles and hair routine. Shipping worldwide.<\/span><\/p>\n<p>[\/et_pb_blurb][\/et_pb_column][\/et_pb_row][et_pb_row column_structure=&#8221;1_3,1_3,1_3&#8243; use_custom_gutter=&#8221;on&#8221; gutter_width=&#8221;1&#8243; make_equal=&#8221;on&#8221; _builder_version=&#8221;4.20.4&#8243; _module_preset=&#8221;default&#8221; background_color=&#8221;#000000&#8243; custom_padding=&#8221;1px|||||&#8221; global_colors_info=&#8221;{}&#8221;][et_pb_column type=&#8221;1_3&#8243; _builder_version=&#8221;4.20.4&#8243; _module_preset=&#8221;default&#8221; global_colors_info=&#8221;{}&#8221;][et_pb_button button_url=&#8221;https:\/\/kinasisters.com&#8221; button_text=&#8221;SHOP&#8221; button_alignment=&#8221;center&#8221; _builder_version=&#8221;4.27.5&#8243; _dynamic_attributes=&#8221;button_url&#8221; _module_preset=&#8221;default&#8221; custom_margin=&#8221;5px||||false|false&#8221; custom_padding=&#8221;|56px||56px|false|true&#8221; global_colors_info=&#8221;{}&#8221;][\/et_pb_button][\/et_pb_column][et_pb_column type=&#8221;1_3&#8243; _builder_version=&#8221;4.20.4&#8243; _module_preset=&#8221;default&#8221; global_colors_info=&#8221;{}&#8221;][et_pb_button button_url=&#8221;https:\/\/46d1a241.sibforms.com\/serve\/MUIFAL4rxqlkj9Y7geWP5Trg687VZ2VSRe6GXvYz0Xy1W6JKKgmfIWEwQ3h5tlCPKHPAV-d42VK4WwRe6VNRIss4gaUGh2rkYudkWr2QInvWXPlCjER7i3qGv_7rnbxnZrE1ZXtgcvSBhp8TvNL4Ruxsa9wEzgSjINIeL_qrUkgUsHr5IsToijM5PyaOVOk0hGzl37M4DRhyrkQktg==&#8221; button_text=&#8221;NEWSLETTER&#8221; button_alignment=&#8221;center&#8221; _builder_version=&#8221;4.27.5&#8243; _module_preset=&#8221;default&#8221; custom_margin=&#8221;15px||15px||true|false&#8221; custom_padding=&#8221;|62px||62px|false|true&#8221; hover_enabled=&#8221;0&#8243; global_colors_info=&#8221;{}&#8221; sticky_enabled=&#8221;0&#8243;][\/et_pb_button][\/et_pb_column][et_pb_column type=&#8221;1_3&#8243; _builder_version=&#8221;4.20.4&#8243; _module_preset=&#8221;default&#8221; global_colors_info=&#8221;{}&#8221;][et_pb_button button_url=&#8221;@ET-DC@eyJkeW5hbWljIjp0cnVlLCJjb250ZW50IjoicG9zdF9saW5rX3VybF9wYWdlIiwic2V0dGluZ3MiOnsicG9zdF9pZCI6IjY4MiJ9fQ==@&#8221; button_text=&#8221;OUR MISSION&#8221; button_alignment=&#8221;center&#8221; _builder_version=&#8221;4.27.5&#8243; _dynamic_attributes=&#8221;button_url&#8221; _module_preset=&#8221;default&#8221; custom_padding=&#8221;|50px||50px|false|true&#8221; global_colors_info=&#8221;{}&#8221;][\/et_pb_button][\/et_pb_column][\/et_pb_row][et_pb_row _builder_version=&#8221;4.20.4&#8243; _module_preset=&#8221;default&#8221; background_color=&#8221;#000000&#8243; custom_padding=&#8221;1px|||||&#8221; global_colors_info=&#8221;{}&#8221;][et_pb_column type=&#8221;4_4&#8243; _builder_version=&#8221;4.20.4&#8243; _module_preset=&#8221;default&#8221; global_colors_info=&#8221;{}&#8221;][et_pb_social_media_follow _builder_version=&#8221;4.27.5&#8243; _module_preset=&#8221;default&#8221; text_orientation=&#8221;center&#8221; custom_margin=&#8221;30px||||false|false&#8221; global_colors_info=&#8221;{}&#8221;][et_pb_social_media_follow_network social_network=&#8221;instagram&#8221; url=&#8221;https:\/\/www.instagram.com\/kina_sisters\/&#8221; _builder_version=&#8221;4.27.5&#8243; _module_preset=&#8221;default&#8221; background_enable_color=&#8221;off&#8221; border_width_all=&#8221;2px&#8221; border_color_all=&#8221;#FFFFFF&#8221; global_colors_info=&#8221;{}&#8221; follow_button=&#8221;off&#8221; url_new_window=&#8221;on&#8221;]instagram[\/et_pb_social_media_follow_network][\/et_pb_social_media_follow][\/et_pb_column][\/et_pb_row][\/et_pb_section]<\/p>\n","protected":false},"excerpt":{"rendered":"<p>Soins capillaires 100 % naturels et accessoires pour cheveux boucl\u00e9s, cr\u00e9pus et textur\u00e9s. R\u00e9parez, hydratez et sublimez vos boucles tout en prenant soin de vos coiffures et de votre routine capillaire. Livraison partout dans le monde.<\/p>","protected":false},"author":1,"featured_media":0,"parent":0,"menu_order":0,"comment_status":"closed","ping_status":"closed","template":"","meta":{"_acf_changed":false,"_et_pb_use_builder":"on","_et_pb_old_content":"","_et_gb_content_width":"","footnotes":""},"class_list":["post-1432","page","type-page","status-publish","hentry"],"acf":[],"yoast_head":"<!-- This site is optimized with the Yoast SEO plugin v27.4 - https:\/\/yoast.com\/product\/yoast-seo-wordpress\/ -->\n<title>Linktree - Kina sisters<\/title>\n<meta name=\"robots\" content=\"index, follow, max-snippet:-1, max-image-preview:large, max-video-preview:-1\" \/>\n<link rel=\"canonical\" href=\"https:\/\/kinasisters.com\/fr\/linktree\/\" \/>\n<meta property=\"og:locale\" content=\"fr_FR\" \/>\n<meta property=\"og:type\" content=\"article\" \/>\n<meta property=\"og:title\" content=\"Linktree - Kina sisters\" \/>\n<meta property=\"og:description\" content=\"100% natural hair care and accessories for curly, coily, and textured hair. Repair, hydrate, and enhance your curls while caring for your hairstyles and hair routine. Shipping worldwide.\" \/>\n<meta property=\"og:url\" content=\"https:\/\/kinasisters.com\/fr\/linktree\/\" \/>\n<meta property=\"og:site_name\" content=\"Kina sisters\" \/>\n<meta property=\"article:modified_time\" content=\"2026-02-06T14:44:09+00:00\" \/>\n<meta name=\"twitter:card\" content=\"summary_large_image\" \/>\n<script type=\"application\/ld+json\" class=\"yoast-schema-graph\">{\"@context\":\"https:\\\/\\\/schema.org\",\"@graph\":[{\"@type\":\"WebPage\",\"@id\":\"https:\\\/\\\/kinasisters.com\\\/linktree\\\/\",\"url\":\"https:\\\/\\\/kinasisters.com\\\/linktree\\\/\",\"name\":\"Linktree - Kina sisters\",\"isPartOf\":{\"@id\":\"https:\\\/\\\/kinasisters.com\\\/#website\"},\"datePublished\":\"2026-02-06T14:27:13+00:00\",\"dateModified\":\"2026-02-06T14:44:09+00:00\",\"breadcrumb\":{\"@id\":\"https:\\\/\\\/kinasisters.com\\\/linktree\\\/#breadcrumb\"},\"inLanguage\":\"fr-FR\",\"potentialAction\":[{\"@type\":\"ReadAction\",\"target\":[\"https:\\\/\\\/kinasisters.com\\\/linktree\\\/\"]}]},{\"@type\":\"BreadcrumbList\",\"@id\":\"https:\\\/\\\/kinasisters.com\\\/linktree\\\/#breadcrumb\",\"itemListElement\":[{\"@type\":\"ListItem\",\"position\":1,\"name\":\"Accueil\",\"item\":\"https:\\\/\\\/kinasisters.com\\\/\"},{\"@type\":\"ListItem\",\"position\":2,\"name\":\"Linktree\"}]},{\"@type\":\"WebSite\",\"@id\":\"https:\\\/\\\/kinasisters.com\\\/#website\",\"url\":\"https:\\\/\\\/kinasisters.com\\\/\",\"name\":\"Kina sisters\",\"description\":\"Premium Hair Care\",\"publisher\":{\"@id\":\"https:\\\/\\\/kinasisters.com\\\/#organization\"},\"potentialAction\":[{\"@type\":\"SearchAction\",\"target\":{\"@type\":\"EntryPoint\",\"urlTemplate\":\"https:\\\/\\\/kinasisters.com\\\/?s={search_term_string}\"},\"query-input\":{\"@type\":\"PropertyValueSpecification\",\"valueRequired\":true,\"valueName\":\"search_term_string\"}}],\"inLanguage\":\"fr-FR\"},{\"@type\":\"Organization\",\"@id\":\"https:\\\/\\\/kinasisters.com\\\/#organization\",\"name\":\"Kina sisters\",\"url\":\"https:\\\/\\\/kinasisters.com\\\/\",\"logo\":{\"@type\":\"ImageObject\",\"inLanguage\":\"fr-FR\",\"@id\":\"https:\\\/\\\/kinasisters.com\\\/#\\\/schema\\\/logo\\\/image\\\/\",\"url\":\"https:\\\/\\\/kinasisters.com\\\/wp-content\\\/uploads\\\/2025\\\/09\\\/Logo.avif\",\"contentUrl\":\"https:\\\/\\\/kinasisters.com\\\/wp-content\\\/uploads\\\/2025\\\/09\\\/Logo.avif\",\"width\":260,\"height\":173,\"caption\":\"Kina sisters\"},\"image\":{\"@id\":\"https:\\\/\\\/kinasisters.com\\\/#\\\/schema\\\/logo\\\/image\\\/\"},\"sameAs\":[\"https:\\\/\\\/www.instagram.com\\\/kina_sisters\\\/\"]}]}<\/script>\n<!-- \/ Yoast SEO plugin. -->","yoast_head_json":{"title":"Linktree - Kina sisters","robots":{"index":"index","follow":"follow","max-snippet":"max-snippet:-1","max-image-preview":"max-image-preview:large","max-video-preview":"max-video-preview:-1"},"canonical":"https:\/\/kinasisters.com\/fr\/linktree\/","og_locale":"fr_FR","og_type":"article","og_title":"Linktree - Kina sisters","og_description":"100% natural hair care and accessories for curly, coily, and textured hair. Repair, hydrate, and enhance your curls while caring for your hairstyles and hair routine. Shipping worldwide.","og_url":"https:\/\/kinasisters.com\/fr\/linktree\/","og_site_name":"Kina sisters","article_modified_time":"2026-02-06T14:44:09+00:00","twitter_card":"summary_large_image","schema":{"@context":"https:\/\/schema.org","@graph":[{"@type":"WebPage","@id":"https:\/\/kinasisters.com\/linktree\/","url":"https:\/\/kinasisters.com\/linktree\/","name":"Linktree - Kina sisters","isPartOf":{"@id":"https:\/\/kinasisters.com\/#website"},"datePublished":"2026-02-06T14:27:13+00:00","dateModified":"2026-02-06T14:44:09+00:00","breadcrumb":{"@id":"https:\/\/kinasisters.com\/linktree\/#breadcrumb"},"inLanguage":"fr-FR","potentialAction":[{"@type":"ReadAction","target":["https:\/\/kinasisters.com\/linktree\/"]}]},{"@type":"BreadcrumbList","@id":"https:\/\/kinasisters.com\/linktree\/#breadcrumb","itemListElement":[{"@type":"ListItem","position":1,"name":"Accueil","item":"https:\/\/kinasisters.com\/"},{"@type":"ListItem","position":2,"name":"Linktree"}]},{"@type":"WebSite","@id":"https:\/\/kinasisters.com\/#website","url":"https:\/\/kinasisters.com\/","name":"Kina sisters","description":"Soins capillaires haut de gamme","publisher":{"@id":"https:\/\/kinasisters.com\/#organization"},"potentialAction":[{"@type":"SearchAction","target":{"@type":"EntryPoint","urlTemplate":"https:\/\/kinasisters.com\/?s={search_term_string}"},"query-input":{"@type":"PropertyValueSpecification","valueRequired":true,"valueName":"search_term_string"}}],"inLanguage":"fr-FR"},{"@type":"Organization","@id":"https:\/\/kinasisters.com\/#organization","name":"Kina sisters","url":"https:\/\/kinasisters.com\/","logo":{"@type":"ImageObject","inLanguage":"fr-FR","@id":"https:\/\/kinasisters.com\/#\/schema\/logo\/image\/","url":"https:\/\/kinasisters.com\/wp-content\/uploads\/2025\/09\/Logo.avif","contentUrl":"https:\/\/kinasisters.com\/wp-content\/uploads\/2025\/09\/Logo.avif","width":260,"height":173,"caption":"Kina sisters"},"image":{"@id":"https:\/\/kinasisters.com\/#\/schema\/logo\/image\/"},"sameAs":["https:\/\/www.instagram.com\/kina_sisters\/"]}]}},"_links":{"self":[{"href":"https:\/\/kinasisters.com\/fr\/wp-json\/wp\/v2\/pages\/1432","targetHints":{"allow":["GET"]}}],"collection":[{"href":"https:\/\/kinasisters.com\/fr\/wp-json\/wp\/v2\/pages"}],"about":[{"href":"https:\/\/kinasisters.com\/fr\/wp-json\/wp\/v2\/types\/page"}],"author":[{"embeddable":true,"href":"https:\/\/kinasisters.com\/fr\/wp-json\/wp\/v2\/users\/1"}],"replies":[{"embeddable":true,"href":"https:\/\/kinasisters.com\/fr\/wp-json\/wp\/v2\/comments?post=1432"}],"version-history":[{"count":4,"href":"https:\/\/kinasisters.com\/fr\/wp-json\/wp\/v2\/pages\/1432\/revisions"}],"predecessor-version":[{"id":1438,"href":"https:\/\/kinasisters.com\/fr\/wp-json\/wp\/v2\/pages\/1432\/revisions\/1438"}],"wp:attachment":[{"href":"https:\/\/kinasisters.com\/fr\/wp-json\/wp\/v2\/media?parent=1432"}],"curies":[{"name":"wp","href":"https:\/\/api.w.org\/{rel}","templated":true}]}}